{"id":71,"date":"2017-07-12T05:53:59","date_gmt":"2017-07-12T05:53:59","guid":{"rendered":"http:\/\/europaseguridad.com\/index.php\/about\/"},"modified":"2025-07-04T13:45:30","modified_gmt":"2025-07-04T13:45:30","slug":"about","status":"publish","type":"page","link":"https:\/\/europaseguridad.com\/index.php\/about\/","title":{"rendered":"About"},"content":{"rendered":"\t\t<div data-elementor-type=\"wp-post\" data-elementor-id=\"71\" class=\"elementor elementor-71\" data-elementor-settings=\"[]\">\n\t\t\t\t\t\t<div class=\"elementor-inner\">\n\t\t\t\t\t\t\t<div class=\"elementor-section-wrap\">\n\t\t\t\t\t\t\t<section class=\"elementor-section elementor-top-section elementor-element elementor-element-7116a5b2 elementor-section-boxed elementor-section-height-default elementor-section-height-default\" data-id=\"7116a5b2\" data-element_type=\"section\" data-settings=\"{&quot;background_background&quot;:&quot;classic&quot;}\">\n\t\t\t\t\t\t\t<div class=\"elementor-background-overlay\"><\/div>\n\t\t\t\t\t\t\t<div class=\"elementor-container elementor-column-gap-no\">\n\t\t\t\t\t\t\t<div class=\"elementor-row\">\n\t\t\t\t\t<div class=\"elementor-column elementor-col-100 elementor-top-column elementor-element elementor-element-6439be06\" data-id=\"6439be06\" data-element_type=\"column\" data-settings=\"{&quot;background_background&quot;:&quot;classic&quot;}\">\n\t\t\t<div class=\"elementor-column-wrap elementor-element-populated\">\n\t\t\t\t\t\t\t<div class=\"elementor-widget-wrap\">\n\t\t\t\t\t\t<div class=\"elementor-element elementor-element-198df6ee elementor-invisible elementor-widget elementor-widget-heading\" data-id=\"198df6ee\" data-element_type=\"widget\" data-settings=\"{&quot;_animation&quot;:&quot;fadeInDown&quot;}\" data-widget_type=\"heading.default\">\n\t\t\t\t<div class=\"elementor-widget-container\">\n\t\t\t<h1 class=\"elementor-heading-title elementor-size-default\">Quienes Somos<\/h1>\t\t<\/div>\n\t\t\t\t<\/div>\n\t\t\t\t\t\t<\/div>\n\t\t\t\t\t<\/div>\n\t\t<\/div>\n\t\t\t\t\t\t\t\t<\/div>\n\t\t\t\t\t<\/div>\n\t\t<\/section>\n\t\t\t\t<section class=\"elementor-section elementor-top-section elementor-element elementor-element-871babd elementor-section-boxed elementor-section-height-default elementor-section-height-default\" data-id=\"871babd\" data-element_type=\"section\">\n\t\t\t\t\t\t<div class=\"elementor-container elementor-column-gap-no\">\n\t\t\t\t\t\t\t<div class=\"elementor-row\">\n\t\t\t\t\t<div class=\"elementor-column elementor-col-50 elementor-top-column elementor-element elementor-element-77e3bb83\" data-id=\"77e3bb83\" data-element_type=\"column\">\n\t\t\t<div class=\"elementor-column-wrap elementor-element-populated\">\n\t\t\t\t\t\t\t<div class=\"elementor-widget-wrap\">\n\t\t\t\t\t\t<div class=\"elementor-element elementor-element-2d9347f6 elementor-widget elementor-widget-image\" data-id=\"2d9347f6\" data-element_type=\"widget\" data-widget_type=\"image.default\">\n\t\t\t\t<div class=\"elementor-widget-container\">\n\t\t\t\t\t<div class=\"elementor-image\">\n\t\t\t\t\t\t\t\t\t\t<img decoding=\"async\" src=\"https:\/\/europaseguridad.com\/wp-content\/uploads\/elementor\/thumbs\/cerraduras10-r84m5ye56wvwyt80c54psgr40bhxjmnj2h5zgetu74.png\" title=\"cerraduras10\" alt=\"cerraduras10\" \/>\t\t\t\t\t\t\t\t\t\t\t<\/div>\n\t\t\t\t<\/div>\n\t\t\t\t<\/div>\n\t\t\t\t\t\t<\/div>\n\t\t\t\t\t<\/div>\n\t\t<\/div>\n\t\t\t\t<div class=\"elementor-column elementor-col-50 elementor-top-column elementor-element elementor-element-7e966216\" data-id=\"7e966216\" data-element_type=\"column\">\n\t\t\t<div class=\"elementor-column-wrap elementor-element-populated\">\n\t\t\t\t\t\t\t<div class=\"elementor-widget-wrap\">\n\t\t\t\t\t\t<div class=\"elementor-element elementor-element-59a74dcd elementor-widget elementor-widget-heading\" data-id=\"59a74dcd\" data-element_type=\"widget\" data-widget_type=\"heading.default\">\n\t\t\t\t<div class=\"elementor-widget-container\">\n\t\t\t<h2 class=\"elementor-heading-title elementor-size-default\">Acerca de nosotros<\/h2>\t\t<\/div>\n\t\t\t\t<\/div>\n\t\t\t\t<div class=\"elementor-element elementor-element-46d8a17c elementor-widget-divider--view-line elementor-widget elementor-widget-divider\" data-id=\"46d8a17c\" data-element_type=\"widget\" data-widget_type=\"divider.default\">\n\t\t\t\t<div class=\"elementor-widget-container\">\n\t\t\t\t\t<div class=\"elementor-divider\">\n\t\t\t<span class=\"elementor-divider-separator\">\n\t\t\t\t\t\t<\/span>\n\t\t<\/div>\n\t\t\t\t<\/div>\n\t\t\t\t<\/div>\n\t\t\t\t<div class=\"elementor-element elementor-element-4bef784e elementor-widget elementor-widget-text-editor\" data-id=\"4bef784e\" data-element_type=\"widget\" data-widget_type=\"text-editor.default\">\n\t\t\t\t<div class=\"elementor-widget-container\">\n\t\t\t\t\t<div class=\"elementor-text-editor elementor-clearfix\"><p><span style=\"font-weight: 400;\">Desde 1998 nos especializamos en brindar soluciones de <\/span><b>seguridad electr\u00f3nica y control de accesos<\/b><span style=\"font-weight: 400;\"> para hogares, edificios y empresas. Con m\u00e1s de 25 a\u00f1os de trayectoria, hemos acompa\u00f1ado la evoluci\u00f3n del mercado, incorporando siempre <\/span><b>tecnolog\u00eda de \u00faltima generaci\u00f3n<\/b><span style=\"font-weight: 400;\"> y adaptando nuestros servicios a las nuevas necesidades de nuestros clientes.<\/span><\/p><p><span style=\"font-weight: 400;\">Nuestro enfoque est\u00e1 puesto en ofrecer <\/span><b>soluciones integrales, accesibles y eficientes<\/b><span style=\"font-weight: 400;\">, con especial dedicaci\u00f3n a <\/span><b>consorcios, administraciones y espacios corporativos<\/b><span style=\"font-weight: 400;\">.<\/span><\/p><p><span style=\"font-weight: 400;\">La combinaci\u00f3n de <\/span><b>experiencia, innovaci\u00f3n y atenci\u00f3n personalizada<\/b><span style=\"font-weight: 400;\"> nos permite diferenciarnos y ofrecer un servicio de confianza, dise\u00f1ado para cuidar lo que m\u00e1s valor\u00e1s.<\/span><\/p><\/div>\n\t\t\t\t<\/div>\n\t\t\t\t<\/div>\n\t\t\t\t<div class=\"elementor-element elementor-element-81abbed elementor-widget elementor-widget-heading\" data-id=\"81abbed\" data-element_type=\"widget\" data-widget_type=\"heading.default\">\n\t\t\t\t<div class=\"elementor-widget-container\">\n\t\t\t<h3 class=\"elementor-heading-title elementor-size-default\">Por qu\u00e9 elegirnos<\/h3>\t\t<\/div>\n\t\t\t\t<\/div>\n\t\t\t\t<section class=\"elementor-section elementor-inner-section elementor-element elementor-element-5df04c0b elementor-section-boxed elementor-section-height-default elementor-section-height-default\" data-id=\"5df04c0b\" data-element_type=\"section\">\n\t\t\t\t\t\t<div class=\"elementor-container elementor-column-gap-no\">\n\t\t\t\t\t\t\t<div class=\"elementor-row\">\n\t\t\t\t\t<div class=\"elementor-column elementor-col-50 elementor-inner-column elementor-element elementor-element-48c6233f\" data-id=\"48c6233f\" data-element_type=\"column\">\n\t\t\t<div class=\"elementor-column-wrap elementor-element-populated\">\n\t\t\t\t\t\t\t<div class=\"elementor-widget-wrap\">\n\t\t\t\t\t\t<div class=\"elementor-element elementor-element-4032ca80 elementor-align-left elementor-mobile-align-left elementor-icon-list--layout-traditional elementor-list-item-link-full_width elementor-widget elementor-widget-icon-list\" data-id=\"4032ca80\" data-element_type=\"widget\" data-widget_type=\"icon-list.default\">\n\t\t\t\t<div class=\"elementor-widget-container\">\n\t\t\t\t\t<ul class=\"elementor-icon-list-items\">\n\t\t\t\t\t\t\t<li class=\"elementor-icon-list-item\">\n\t\t\t\t\t\t\t\t\t\t\t<span class=\"elementor-icon-list-icon\">\n\t\t\t\t\t\t\t<i aria-hidden=\"true\" class=\"fas fa-check-circle\"><\/i>\t\t\t\t\t\t<\/span>\n\t\t\t\t\t\t\t\t\t\t<span class=\"elementor-icon-list-text\">M\u00e1s de 25 a\u00f1os de experiencia en seguridad electr\u00f3nica<\/span>\n\t\t\t\t\t\t\t\t\t<\/li>\n\t\t\t\t\t\t\t\t<li class=\"elementor-icon-list-item\">\n\t\t\t\t\t\t\t\t\t\t\t<span class=\"elementor-icon-list-icon\">\n\t\t\t\t\t\t\t<i aria-hidden=\"true\" class=\"fas fa-check-circle\"><\/i>\t\t\t\t\t\t<\/span>\n\t\t\t\t\t\t\t\t\t\t<span class=\"elementor-icon-list-text\">Especialistas en control de accesos para edificios y consorcios<\/span>\n\t\t\t\t\t\t\t\t\t<\/li>\n\t\t\t\t\t\t\t\t<li class=\"elementor-icon-list-item\">\n\t\t\t\t\t\t\t\t\t\t\t<span class=\"elementor-icon-list-icon\">\n\t\t\t\t\t\t\t<i aria-hidden=\"true\" class=\"fas fa-check-circle\"><\/i>\t\t\t\t\t\t<\/span>\n\t\t\t\t\t\t\t\t\t\t<span class=\"elementor-icon-list-text\">Tecnolog\u00eda probada y soluciones a medida<\/span>\n\t\t\t\t\t\t\t\t\t<\/li>\n\t\t\t\t\t\t<\/ul>\n\t\t\t\t<\/div>\n\t\t\t\t<\/div>\n\t\t\t\t\t\t<\/div>\n\t\t\t\t\t<\/div>\n\t\t<\/div>\n\t\t\t\t<div class=\"elementor-column elementor-col-50 elementor-inner-column elementor-element elementor-element-34d049de\" data-id=\"34d049de\" data-element_type=\"column\">\n\t\t\t<div class=\"elementor-column-wrap elementor-element-populated\">\n\t\t\t\t\t\t\t<div class=\"elementor-widget-wrap\">\n\t\t\t\t\t\t<div class=\"elementor-element elementor-element-24db0468 elementor-align-left elementor-mobile-align-left elementor-icon-list--layout-traditional elementor-list-item-link-full_width elementor-widget elementor-widget-icon-list\" data-id=\"24db0468\" data-element_type=\"widget\" data-widget_type=\"icon-list.default\">\n\t\t\t\t<div class=\"elementor-widget-container\">\n\t\t\t\t\t<ul class=\"elementor-icon-list-items\">\n\t\t\t\t\t\t\t<li class=\"elementor-icon-list-item\">\n\t\t\t\t\t\t\t\t\t\t\t<span class=\"elementor-icon-list-icon\">\n\t\t\t\t\t\t\t<i aria-hidden=\"true\" class=\"fas fa-check-circle\"><\/i>\t\t\t\t\t\t<\/span>\n\t\t\t\t\t\t\t\t\t\t<span class=\"elementor-icon-list-text\">Asistencia t\u00e9cnica r\u00e1pida y soporte 24\/7<\/span>\n\t\t\t\t\t\t\t\t\t<\/li>\n\t\t\t\t\t\t\t\t<li class=\"elementor-icon-list-item\">\n\t\t\t\t\t\t\t\t\t\t\t<span class=\"elementor-icon-list-icon\">\n\t\t\t\t\t\t\t<i aria-hidden=\"true\" class=\"fas fa-check-circle\"><\/i>\t\t\t\t\t\t<\/span>\n\t\t\t\t\t\t\t\t\t\t<span class=\"elementor-icon-list-text\">Atenci\u00f3n especializada para administraciones<\/span>\n\t\t\t\t\t\t\t\t\t<\/li>\n\t\t\t\t\t\t\t\t<li class=\"elementor-icon-list-item\">\n\t\t\t\t\t\t\t\t\t\t\t<span class=\"elementor-icon-list-icon\">\n\t\t\t\t\t\t\t<i aria-hidden=\"true\" class=\"fas fa-check-circle\"><\/i>\t\t\t\t\t\t<\/span>\n\t\t\t\t\t\t\t\t\t\t<span class=\"elementor-icon-list-text\">Planes flexibles adaptados a cada necesidad<\/span>\n\t\t\t\t\t\t\t\t\t<\/li>\n\t\t\t\t\t\t<\/ul>\n\t\t\t\t<\/div>\n\t\t\t\t<\/div>\n\t\t\t\t\t\t<\/div>\n\t\t\t\t\t<\/div>\n\t\t<\/div>\n\t\t\t\t\t\t\t\t<\/div>\n\t\t\t\t\t<\/div>\n\t\t<\/section>\n\t\t\t\t\t\t<\/div>\n\t\t\t\t\t<\/div>\n\t\t<\/div>\n\t\t\t\t\t\t\t\t<\/div>\n\t\t\t\t\t<\/div>\n\t\t<\/section>\n\t\t\t\t<section class=\"elementor-section elementor-top-section elementor-element elementor-element-5dd8a8e6 elementor-section-boxed elementor-section-height-default elementor-section-height-default\" data-id=\"5dd8a8e6\" data-element_type=\"section\" data-settings=\"{&quot;background_background&quot;:&quot;classic&quot;}\">\n\t\t\t\t\t\t<div class=\"elementor-container elementor-column-gap-no\">\n\t\t\t\t\t\t\t<div class=\"elementor-row\">\n\t\t\t\t\t<div class=\"elementor-column elementor-col-100 elementor-top-column elementor-element elementor-element-4701e399\" data-id=\"4701e399\" data-element_type=\"column\" data-settings=\"{&quot;background_background&quot;:&quot;classic&quot;}\">\n\t\t\t<div class=\"elementor-column-wrap elementor-element-populated\">\n\t\t\t\t\t\t\t<div class=\"elementor-widget-wrap\">\n\t\t\t\t\t\t<div class=\"elementor-element elementor-element-539f45ae elementor-widget-divider--view-line elementor-widget elementor-widget-divider\" data-id=\"539f45ae\" data-element_type=\"widget\" data-widget_type=\"divider.default\">\n\t\t\t\t<div class=\"elementor-widget-container\">\n\t\t\t\t\t<div class=\"elementor-divider\">\n\t\t\t<span class=\"elementor-divider-separator\">\n\t\t\t\t\t\t<\/span>\n\t\t<\/div>\n\t\t\t\t<\/div>\n\t\t\t\t<\/div>\n\t\t\t\t\t\t<\/div>\n\t\t\t\t\t<\/div>\n\t\t<\/div>\n\t\t\t\t\t\t\t\t<\/div>\n\t\t\t\t\t<\/div>\n\t\t<\/section>\n\t\t\t\t<section class=\"elementor-section elementor-top-section elementor-element elementor-element-9100051 elementor-section-boxed elementor-section-height-default elementor-section-height-default\" data-id=\"9100051\" data-element_type=\"section\" data-settings=\"{&quot;background_background&quot;:&quot;classic&quot;}\">\n\t\t\t\t\t\t\t<div class=\"elementor-background-overlay\"><\/div>\n\t\t\t\t\t\t\t<div class=\"elementor-container elementor-column-gap-no\">\n\t\t\t\t\t\t\t<div class=\"elementor-row\">\n\t\t\t\t\t<div class=\"elementor-column elementor-col-100 elementor-top-column elementor-element elementor-element-ad63406\" data-id=\"ad63406\" data-element_type=\"column\">\n\t\t\t<div class=\"elementor-column-wrap elementor-element-populated\">\n\t\t\t\t\t\t\t<div class=\"elementor-widget-wrap\">\n\t\t\t\t\t\t<div class=\"elementor-element elementor-element-7023109 elementor-widget-divider--view-line elementor-widget elementor-widget-divider\" data-id=\"7023109\" data-element_type=\"widget\" data-widget_type=\"divider.default\">\n\t\t\t\t<div class=\"elementor-widget-container\">\n\t\t\t\t\t<div class=\"elementor-divider\">\n\t\t\t<span class=\"elementor-divider-separator\">\n\t\t\t\t\t\t<\/span>\n\t\t<\/div>\n\t\t\t\t<\/div>\n\t\t\t\t<\/div>\n\t\t\t\t<div class=\"elementor-element elementor-element-bbf794c elementor-widget elementor-widget-heading\" data-id=\"bbf794c\" data-element_type=\"widget\" data-widget_type=\"heading.default\">\n\t\t\t\t<div class=\"elementor-widget-container\">\n\t\t\t<h2 class=\"elementor-heading-title elementor-size-default\">Sumate a nuestra red de clientes protegidos<\/h2>\t\t<\/div>\n\t\t\t\t<\/div>\n\t\t\t\t<div class=\"elementor-element elementor-element-def2162 elementor-widget elementor-widget-text-editor\" data-id=\"def2162\" data-element_type=\"widget\" data-widget_type=\"text-editor.default\">\n\t\t\t\t<div class=\"elementor-widget-container\">\n\t\t\t\t\t<div class=\"elementor-text-editor elementor-clearfix\"><p>Cons\u00faltenos por nuestros planes y proyectemos juntos la mejor manera de mantener todos sus consorcios seguros.<\/p><\/div>\n\t\t\t\t<\/div>\n\t\t\t\t<\/div>\n\t\t\t\t<div class=\"elementor-element elementor-element-ff747b3 elementor-align-center elementor-widget elementor-widget-button\" data-id=\"ff747b3\" data-element_type=\"widget\" data-widget_type=\"button.default\">\n\t\t\t\t<div class=\"elementor-widget-container\">\n\t\t\t\t\t<div class=\"elementor-button-wrapper\">\n\t\t\t<a href=\"https:\/\/api.whatsapp.com\/send\/?phone=5491159888836&#038;text=Hola+Quisiera+saber+mas+acerca+de+%3A&#038;type=phone_number&#038;app_absent=0\" class=\"elementor-button-link elementor-button elementor-size-sm\" role=\"button\">\n\t\t\t\t\t\t<span class=\"elementor-button-content-wrapper\">\n\t\t\t\t\t\t<span class=\"elementor-button-icon elementor-align-icon-right\">\n\t\t\t\t<svg xmlns=\"http:\/\/www.w3.org\/2000\/svg\" viewBox=\"0 0 32 32\"><path d=\"M 18.71875 6.78125 L 17.28125 8.21875 L 24.0625 15 L 4 15 L 4 17 L 24.0625 17 L 17.28125 23.78125 L 18.71875 25.21875 L 27.21875 16.71875 L 27.90625 16 L 27.21875 15.28125 Z\"><\/path><\/svg>\t\t\t<\/span>\n\t\t\t\t\t\t<span class=\"elementor-button-text\">Asesoramiento Gratuito<\/span>\n\t\t<\/span>\n\t\t\t\t\t<\/a>\n\t\t<\/div>\n\t\t\t\t<\/div>\n\t\t\t\t<\/div>\n\t\t\t\t\t\t<\/div>\n\t\t\t\t\t<\/div>\n\t\t<\/div>\n\t\t\t\t\t\t\t\t<\/div>\n\t\t\t\t\t<\/div>\n\t\t<\/section>\n\t\t\t\t\t\t<\/div>\n\t\t\t\t\t\t<\/div>\n\t\t\t\t\t<\/div>\n\t\t","protected":false},"excerpt":{"rendered":"<p>Quienes Somos Acerca de nosotros Desde 1998 nos especializamos en brindar soluciones de seguridad electr\u00f3nica y control de accesos para hogares, edificios y empresas. Con m\u00e1s de 25 a\u00f1os de trayectoria, hemos acompa\u00f1ado la evoluci\u00f3n del mercado, incorporando siempre tecnolog\u00eda de \u00faltima generaci\u00f3n y adaptando nuestros servicios a las nuevas necesidades de nuestros clientes. Nuestro &hellip;<\/p>\n<p class=\"read-more\"> <a class=\"\" href=\"https:\/\/europaseguridad.com\/index.php\/about\/\"> <span class=\"screen-reader-text\">About<\/span> Read More &raquo;<\/a><\/p>\n","protected":false},"author":1,"featured_media":0,"parent":0,"menu_order":0,"comment_status":"closed","ping_status":"closed","template":"","meta":{"footnotes":""},"class_list":["post-71","page","type-page","status-publish","hentry"],"yoast_head":"<!-- This site is optimized with the Yoast SEO plugin v27.5 - https:\/\/yoast.com\/product\/yoast-seo-wordpress\/ -->\n<title>About - Control de acceso - Europa Sistemas de Seguridad<\/title>\n<meta name=\"robots\" content=\"index, follow, max-snippet:-1, max-image-preview:large, max-video-preview:-1\" \/>\n<link rel=\"canonical\" href=\"https:\/\/europaseguridad.com\/index.php\/about\/\" \/>\n<meta property=\"og:locale\" content=\"en_US\" \/>\n<meta property=\"og:type\" content=\"article\" \/>\n<meta property=\"og:title\" content=\"About - Control de acceso - Europa Sistemas de Seguridad\" \/>\n<meta property=\"og:description\" content=\"Quienes Somos Acerca de nosotros Desde 1998 nos especializamos en brindar soluciones de seguridad electr\u00f3nica y control de accesos para hogares, edificios y empresas. Con m\u00e1s de 25 a\u00f1os de trayectoria, hemos acompa\u00f1ado la evoluci\u00f3n del mercado, incorporando siempre tecnolog\u00eda de \u00faltima generaci\u00f3n y adaptando nuestros servicios a las nuevas necesidades de nuestros clientes. Nuestro &hellip; About Read More &raquo;\" \/>\n<meta property=\"og:url\" content=\"https:\/\/europaseguridad.com\/index.php\/about\/\" \/>\n<meta property=\"og:site_name\" content=\"Control de acceso - Europa Sistemas de Seguridad\" \/>\n<meta property=\"article:publisher\" content=\"https:\/\/www.facebook.com\/europaseguridad\" \/>\n<meta property=\"article:modified_time\" content=\"2025-07-04T13:45:30+00:00\" \/>\n<meta property=\"og:image\" content=\"https:\/\/europaseguridad.com\/wp-content\/uploads\/elementor\/thumbs\/cerraduras10-r84m5ye56wvwyt80c54psgr40bhxjmnj2h5zgetu74.png\" \/>\n<meta name=\"twitter:card\" content=\"summary_large_image\" \/>\n<script type=\"application\/ld+json\" class=\"yoast-schema-graph\">{\"@context\":\"https:\\\/\\\/schema.org\",\"@graph\":[{\"@type\":\"WebPage\",\"@id\":\"https:\\\/\\\/europaseguridad.com\\\/index.php\\\/about\\\/\",\"url\":\"https:\\\/\\\/europaseguridad.com\\\/index.php\\\/about\\\/\",\"name\":\"About - Control de acceso - Europa Sistemas de Seguridad\",\"isPartOf\":{\"@id\":\"https:\\\/\\\/europaseguridad.com\\\/#website\"},\"primaryImageOfPage\":{\"@id\":\"https:\\\/\\\/europaseguridad.com\\\/index.php\\\/about\\\/#primaryimage\"},\"image\":{\"@id\":\"https:\\\/\\\/europaseguridad.com\\\/index.php\\\/about\\\/#primaryimage\"},\"thumbnailUrl\":\"https:\\\/\\\/europaseguridad.com\\\/wp-content\\\/uploads\\\/elementor\\\/thumbs\\\/cerraduras10-r84m5ye56wvwyt80c54psgr40bhxjmnj2h5zgetu74.png\",\"datePublished\":\"2017-07-12T05:53:59+00:00\",\"dateModified\":\"2025-07-04T13:45:30+00:00\",\"breadcrumb\":{\"@id\":\"https:\\\/\\\/europaseguridad.com\\\/index.php\\\/about\\\/#breadcrumb\"},\"inLanguage\":\"en-US\",\"potentialAction\":[{\"@type\":\"ReadAction\",\"target\":[\"https:\\\/\\\/europaseguridad.com\\\/index.php\\\/about\\\/\"]}]},{\"@type\":\"ImageObject\",\"inLanguage\":\"en-US\",\"@id\":\"https:\\\/\\\/europaseguridad.com\\\/index.php\\\/about\\\/#primaryimage\",\"url\":\"https:\\\/\\\/europaseguridad.com\\\/wp-content\\\/uploads\\\/elementor\\\/thumbs\\\/cerraduras10-r84m5ye56wvwyt80c54psgr40bhxjmnj2h5zgetu74.png\",\"contentUrl\":\"https:\\\/\\\/europaseguridad.com\\\/wp-content\\\/uploads\\\/elementor\\\/thumbs\\\/cerraduras10-r84m5ye56wvwyt80c54psgr40bhxjmnj2h5zgetu74.png\"},{\"@type\":\"BreadcrumbList\",\"@id\":\"https:\\\/\\\/europaseguridad.com\\\/index.php\\\/about\\\/#breadcrumb\",\"itemListElement\":[{\"@type\":\"ListItem\",\"position\":1,\"name\":\"Portada\",\"item\":\"https:\\\/\\\/europaseguridad.com\\\/\"},{\"@type\":\"ListItem\",\"position\":2,\"name\":\"About\"}]},{\"@type\":\"WebSite\",\"@id\":\"https:\\\/\\\/europaseguridad.com\\\/#website\",\"url\":\"https:\\\/\\\/europaseguridad.com\\\/\",\"name\":\"Control de acceso - Europa Sistemas de Seguridad\",\"description\":\"Control de Accesos - Alarmas - CCTV\",\"publisher\":{\"@id\":\"https:\\\/\\\/europaseguridad.com\\\/#organization\"},\"potentialAction\":[{\"@type\":\"SearchAction\",\"target\":{\"@type\":\"EntryPoint\",\"urlTemplate\":\"https:\\\/\\\/europaseguridad.com\\\/?s={search_term_string}\"},\"query-input\":{\"@type\":\"PropertyValueSpecification\",\"valueRequired\":true,\"valueName\":\"search_term_string\"}}],\"inLanguage\":\"en-US\"},{\"@type\":\"Organization\",\"@id\":\"https:\\\/\\\/europaseguridad.com\\\/#organization\",\"name\":\"Europa Sistemas de Seguridad\",\"url\":\"https:\\\/\\\/europaseguridad.com\\\/\",\"logo\":{\"@type\":\"ImageObject\",\"inLanguage\":\"en-US\",\"@id\":\"https:\\\/\\\/europaseguridad.com\\\/#\\\/schema\\\/logo\\\/image\\\/\",\"url\":\"https:\\\/\\\/europaseguridad.com\\\/wp-content\\\/uploads\\\/2019\\\/12\\\/EUROPA-COMPLETO-2400px.png\",\"contentUrl\":\"https:\\\/\\\/europaseguridad.com\\\/wp-content\\\/uploads\\\/2019\\\/12\\\/EUROPA-COMPLETO-2400px.png\",\"width\":2418,\"height\":746,\"caption\":\"Europa Sistemas de Seguridad\"},\"image\":{\"@id\":\"https:\\\/\\\/europaseguridad.com\\\/#\\\/schema\\\/logo\\\/image\\\/\"},\"sameAs\":[\"https:\\\/\\\/www.facebook.com\\\/europaseguridad\",\"https:\\\/\\\/www.instagram.com\\\/europaseguridad\\\/\"]}]}<\/script>\n<!-- \/ Yoast SEO plugin. -->","yoast_head_json":{"title":"About - Control de acceso - Europa Sistemas de Seguridad","robots":{"index":"index","follow":"follow","max-snippet":"max-snippet:-1","max-image-preview":"max-image-preview:large","max-video-preview":"max-video-preview:-1"},"canonical":"https:\/\/europaseguridad.com\/index.php\/about\/","og_locale":"en_US","og_type":"article","og_title":"About - Control de acceso - Europa Sistemas de Seguridad","og_description":"Quienes Somos Acerca de nosotros Desde 1998 nos especializamos en brindar soluciones de seguridad electr\u00f3nica y control de accesos para hogares, edificios y empresas. Con m\u00e1s de 25 a\u00f1os de trayectoria, hemos acompa\u00f1ado la evoluci\u00f3n del mercado, incorporando siempre tecnolog\u00eda de \u00faltima generaci\u00f3n y adaptando nuestros servicios a las nuevas necesidades de nuestros clientes. Nuestro &hellip; About Read More &raquo;","og_url":"https:\/\/europaseguridad.com\/index.php\/about\/","og_site_name":"Control de acceso - Europa Sistemas de Seguridad","article_publisher":"https:\/\/www.facebook.com\/europaseguridad","article_modified_time":"2025-07-04T13:45:30+00:00","og_image":[{"url":"https:\/\/europaseguridad.com\/wp-content\/uploads\/elementor\/thumbs\/cerraduras10-r84m5ye56wvwyt80c54psgr40bhxjmnj2h5zgetu74.png","type":"","width":"","height":""}],"twitter_card":"summary_large_image","schema":{"@context":"https:\/\/schema.org","@graph":[{"@type":"WebPage","@id":"https:\/\/europaseguridad.com\/index.php\/about\/","url":"https:\/\/europaseguridad.com\/index.php\/about\/","name":"About - Control de acceso - Europa Sistemas de Seguridad","isPartOf":{"@id":"https:\/\/europaseguridad.com\/#website"},"primaryImageOfPage":{"@id":"https:\/\/europaseguridad.com\/index.php\/about\/#primaryimage"},"image":{"@id":"https:\/\/europaseguridad.com\/index.php\/about\/#primaryimage"},"thumbnailUrl":"https:\/\/europaseguridad.com\/wp-content\/uploads\/elementor\/thumbs\/cerraduras10-r84m5ye56wvwyt80c54psgr40bhxjmnj2h5zgetu74.png","datePublished":"2017-07-12T05:53:59+00:00","dateModified":"2025-07-04T13:45:30+00:00","breadcrumb":{"@id":"https:\/\/europaseguridad.com\/index.php\/about\/#breadcrumb"},"inLanguage":"en-US","potentialAction":[{"@type":"ReadAction","target":["https:\/\/europaseguridad.com\/index.php\/about\/"]}]},{"@type":"ImageObject","inLanguage":"en-US","@id":"https:\/\/europaseguridad.com\/index.php\/about\/#primaryimage","url":"https:\/\/europaseguridad.com\/wp-content\/uploads\/elementor\/thumbs\/cerraduras10-r84m5ye56wvwyt80c54psgr40bhxjmnj2h5zgetu74.png","contentUrl":"https:\/\/europaseguridad.com\/wp-content\/uploads\/elementor\/thumbs\/cerraduras10-r84m5ye56wvwyt80c54psgr40bhxjmnj2h5zgetu74.png"},{"@type":"BreadcrumbList","@id":"https:\/\/europaseguridad.com\/index.php\/about\/#breadcrumb","itemListElement":[{"@type":"ListItem","position":1,"name":"Portada","item":"https:\/\/europaseguridad.com\/"},{"@type":"ListItem","position":2,"name":"About"}]},{"@type":"WebSite","@id":"https:\/\/europaseguridad.com\/#website","url":"https:\/\/europaseguridad.com\/","name":"Control de acceso - Europa Sistemas de Seguridad","description":"Control de Accesos - Alarmas - CCTV","publisher":{"@id":"https:\/\/europaseguridad.com\/#organization"},"potentialAction":[{"@type":"SearchAction","target":{"@type":"EntryPoint","urlTemplate":"https:\/\/europaseguridad.com\/?s={search_term_string}"},"query-input":{"@type":"PropertyValueSpecification","valueRequired":true,"valueName":"search_term_string"}}],"inLanguage":"en-US"},{"@type":"Organization","@id":"https:\/\/europaseguridad.com\/#organization","name":"Europa Sistemas de Seguridad","url":"https:\/\/europaseguridad.com\/","logo":{"@type":"ImageObject","inLanguage":"en-US","@id":"https:\/\/europaseguridad.com\/#\/schema\/logo\/image\/","url":"https:\/\/europaseguridad.com\/wp-content\/uploads\/2019\/12\/EUROPA-COMPLETO-2400px.png","contentUrl":"https:\/\/europaseguridad.com\/wp-content\/uploads\/2019\/12\/EUROPA-COMPLETO-2400px.png","width":2418,"height":746,"caption":"Europa Sistemas de Seguridad"},"image":{"@id":"https:\/\/europaseguridad.com\/#\/schema\/logo\/image\/"},"sameAs":["https:\/\/www.facebook.com\/europaseguridad","https:\/\/www.instagram.com\/europaseguridad\/"]}]}},"_links":{"self":[{"href":"https:\/\/europaseguridad.com\/index.php\/wp-json\/wp\/v2\/pages\/71","targetHints":{"allow":["GET"]}}],"collection":[{"href":"https:\/\/europaseguridad.com\/index.php\/wp-json\/wp\/v2\/pages"}],"about":[{"href":"https:\/\/europaseguridad.com\/index.php\/wp-json\/wp\/v2\/types\/page"}],"author":[{"embeddable":true,"href":"https:\/\/europaseguridad.com\/index.php\/wp-json\/wp\/v2\/users\/1"}],"replies":[{"embeddable":true,"href":"https:\/\/europaseguridad.com\/index.php\/wp-json\/wp\/v2\/comments?post=71"}],"version-history":[{"count":19,"href":"https:\/\/europaseguridad.com\/index.php\/wp-json\/wp\/v2\/pages\/71\/revisions"}],"predecessor-version":[{"id":2072,"href":"https:\/\/europaseguridad.com\/index.php\/wp-json\/wp\/v2\/pages\/71\/revisions\/2072"}],"wp:attachment":[{"href":"https:\/\/europaseguridad.com\/index.php\/wp-json\/wp\/v2\/media?parent=71"}],"curies":[{"name":"wp","href":"https:\/\/api.w.org\/{rel}","templated":true}]}}